{"id":3050,"date":"2026-05-16T01:07:51","date_gmt":"2026-05-15T23:07:51","guid":{"rendered":"https:\/\/torrisbranding.hr\/?page_id=3050"},"modified":"2026-05-16T02:27:58","modified_gmt":"2026-05-16T00:27:58","slug":"klijenti","status":"publish","type":"page","link":"https:\/\/torrisbranding.hr\/en\/klijenti\/","title":{"rendered":"Clients"},"content":{"rendered":"<div data-elementor-type=\"wp-page\" data-elementor-id=\"3050\" class=\"elementor elementor-3050\" data-elementor-post-type=\"page\">\n\t\t\t\t<div class=\"elementor-element elementor-element-b6cc23b e-flex e-con-boxed e-con e-parent\" data-id=\"b6cc23b\" data-element_type=\"container\" data-e-type=\"container\" data-settings=\"{&quot;background_background&quot;:&quot;gradient&quot;}\">\n\t\t\t\t\t<div class=\"e-con-inner\">\n\t\t\t\t<div class=\"elementor-element elementor-element-fec4871 elementor-widget elementor-widget-heading\" data-id=\"fec4871\" data-element_type=\"widget\" data-e-type=\"widget\" data-widget_type=\"heading.default\">\n\t\t\t\t<div class=\"elementor-widget-container\">\n\t\t\t\t\t<h1 class=\"elementor-heading-title elementor-size-default\">Clients<\/h1>\t\t\t\t<\/div>\n\t\t\t\t<\/div>\n\t\t<div class=\"elementor-element elementor-element-ce608df e-flex e-con-boxed e-con e-child\" data-id=\"ce608df\" data-element_type=\"container\" data-e-type=\"container\">\n\t\t\t\t\t<div class=\"e-con-inner\">\n\t\t<div class=\"elementor-element elementor-element-f65294c e-flex e-con-boxed e-con e-child\" data-id=\"f65294c\" data-element_type=\"container\" data-e-type=\"container\">\n\t\t\t\t\t<div class=\"e-con-inner\">\n\t\t\t\t<div class=\"elementor-element elementor-element-38c2380 elementor-widget elementor-widget-heading\" data-id=\"38c2380\" data-element_type=\"widget\" data-e-type=\"widget\" data-widget_type=\"heading.default\">\n\t\t\t\t<div class=\"elementor-widget-container\">\n\t\t\t\t\t<p class=\"elementor-heading-title elementor-size-default\">#KLIJENTI<\/p>\t\t\t\t<\/div>\n\t\t\t\t<\/div>\n\t\t\t\t<div class=\"elementor-element elementor-element-a75ef2d elementor-widget elementor-widget-heading\" data-id=\"a75ef2d\" data-element_type=\"widget\" data-e-type=\"widget\" data-widget_type=\"heading.default\">\n\t\t\t\t<div class=\"elementor-widget-container\">\n\t\t\t\t\t<h2 class=\"elementor-heading-title elementor-size-default\">Who do we work with?<\/h2>\t\t\t\t<\/div>\n\t\t\t\t<\/div>\n\t\t\t\t\t<\/div>\n\t\t\t\t<\/div>\n\t\t\t\t<div class=\"elementor-element elementor-element-b520525 elementor-widget elementor-widget-heading\" data-id=\"b520525\" data-element_type=\"widget\" data-e-type=\"widget\" data-widget_type=\"heading.default\">\n\t\t\t\t<div class=\"elementor-widget-container\">\n\t\t\t\t\t<h3 class=\"elementor-heading-title elementor-size-default\">These brands recognized our passion, focus, and way of working, and placed their trust in us throughout different stages of their brand development - each unique in its own way. And as you can see, we\u2019re waiting for you too.\n<\/h3>\t\t\t\t<\/div>\n\t\t\t\t<\/div>\n\t\t\t\t\t<\/div>\n\t\t\t\t<\/div>\n\t\t<div class=\"elementor-element elementor-element-bb74362 e-grid e-con-full e-con e-child\" data-id=\"bb74362\" data-element_type=\"container\" data-e-type=\"container\">\n\t\t\t\t<div class=\"elementor-element elementor-element-fb0b501 elementor-widget elementor-widget-image\" data-id=\"fb0b501\" data-element_type=\"widget\" data-e-type=\"widget\" data-widget_type=\"image.default\">\n\t\t\t\t<div class=\"elementor-widget-container\">\n\t\t\t\t\t\t\t\t\t\t\t\t\t\t\t\t<a href=\"https:\/\/aircash.eu\/%20\">\n\t\t\t\t\t\t\t<img fetchpriority=\"high\" decoding=\"async\" width=\"300\" height=\"225\" src=\"https:\/\/torrisbranding.hr\/wp-content\/uploads\/2026\/05\/Aircash.webp\" class=\"elementor-animation-grow attachment-large size-large wp-image-3054\" alt=\"\" srcset=\"https:\/\/torrisbranding.hr\/wp-content\/uploads\/2026\/05\/Aircash.webp 300w, https:\/\/torrisbranding.hr\/wp-content\/uploads\/2026\/05\/Aircash-16x12.webp 16w\" sizes=\"(max-width: 300px) 100vw, 300px\" \/>\t\t\t\t\t\t\t\t<\/a>\n\t\t\t\t\t\t\t\t\t\t\t\t\t\t\t<\/div>\n\t\t\t\t<\/div>\n\t\t\t\t<div class=\"elementor-element elementor-element-1b04adb elementor-widget elementor-widget-image\" data-id=\"1b04adb\" data-element_type=\"widget\" data-e-type=\"widget\" data-widget_type=\"image.default\">\n\t\t\t\t<div class=\"elementor-widget-container\">\n\t\t\t\t\t\t\t\t\t\t\t\t\t\t\t\t<a href=\"https:\/\/www.hgz.hr\/%20\">\n\t\t\t\t\t\t\t<img decoding=\"async\" width=\"300\" height=\"225\" src=\"https:\/\/torrisbranding.hr\/wp-content\/uploads\/2026\/05\/Hgz.webp\" class=\"elementor-animation-grow attachment-large size-large wp-image-3058\" alt=\"\" srcset=\"https:\/\/torrisbranding.hr\/wp-content\/uploads\/2026\/05\/Hgz.webp 300w, https:\/\/torrisbranding.hr\/wp-content\/uploads\/2026\/05\/Hgz-16x12.webp 16w\" sizes=\"(max-width: 300px) 100vw, 300px\" \/>\t\t\t\t\t\t\t\t<\/a>\n\t\t\t\t\t\t\t\t\t\t\t\t\t\t\t<\/div>\n\t\t\t\t<\/div>\n\t\t\t\t<div class=\"elementor-element elementor-element-db9ed1b elementor-widget elementor-widget-image\" data-id=\"db9ed1b\" data-element_type=\"widget\" data-e-type=\"widget\" data-widget_type=\"image.default\">\n\t\t\t\t<div class=\"elementor-widget-container\">\n\t\t\t\t\t\t\t\t\t\t\t\t\t\t\t\t<a href=\"https:\/\/www.lovcenbanka.me\/%20\">\n\t\t\t\t\t\t\t<img decoding=\"async\" width=\"300\" height=\"225\" src=\"https:\/\/torrisbranding.hr\/wp-content\/uploads\/2026\/05\/Lovcen.webp\" class=\"elementor-animation-grow attachment-large size-large wp-image-3061\" alt=\"\" srcset=\"https:\/\/torrisbranding.hr\/wp-content\/uploads\/2026\/05\/Lovcen.webp 300w, https:\/\/torrisbranding.hr\/wp-content\/uploads\/2026\/05\/Lovcen-16x12.webp 16w\" sizes=\"(max-width: 300px) 100vw, 300px\" \/>\t\t\t\t\t\t\t\t<\/a>\n\t\t\t\t\t\t\t\t\t\t\t\t\t\t\t<\/div>\n\t\t\t\t<\/div>\n\t\t\t\t<div class=\"elementor-element elementor-element-211daac elementor-widget elementor-widget-image\" data-id=\"211daac\" data-element_type=\"widget\" data-e-type=\"widget\" data-widget_type=\"image.default\">\n\t\t\t\t<div class=\"elementor-widget-container\">\n\t\t\t\t\t\t\t\t\t\t\t\t\t\t\t\t<a href=\"https:\/\/www.dipcommerce.hr\/%20\">\n\t\t\t\t\t\t\t<img loading=\"lazy\" decoding=\"async\" width=\"300\" height=\"225\" src=\"https:\/\/torrisbranding.hr\/wp-content\/uploads\/2026\/05\/DIP.webp\" class=\"elementor-animation-grow attachment-large size-large wp-image-3056\" alt=\"\" srcset=\"https:\/\/torrisbranding.hr\/wp-content\/uploads\/2026\/05\/DIP.webp 300w, https:\/\/torrisbranding.hr\/wp-content\/uploads\/2026\/05\/DIP-16x12.webp 16w\" sizes=\"(max-width: 300px) 100vw, 300px\" \/>\t\t\t\t\t\t\t\t<\/a>\n\t\t\t\t\t\t\t\t\t\t\t\t\t\t\t<\/div>\n\t\t\t\t<\/div>\n\t\t\t\t<div class=\"elementor-element elementor-element-2fa5fe2 elementor-widget elementor-widget-image\" data-id=\"2fa5fe2\" data-element_type=\"widget\" data-e-type=\"widget\" data-widget_type=\"image.default\">\n\t\t\t\t<div class=\"elementor-widget-container\">\n\t\t\t\t\t\t\t\t\t\t\t\t\t\t\t\t<a href=\"https:\/\/meddox.com\/%20\">\n\t\t\t\t\t\t\t<img loading=\"lazy\" decoding=\"async\" width=\"300\" height=\"225\" src=\"https:\/\/torrisbranding.hr\/wp-content\/uploads\/2026\/05\/Meddox.webp\" class=\"elementor-animation-grow attachment-large size-large wp-image-3062\" alt=\"\" srcset=\"https:\/\/torrisbranding.hr\/wp-content\/uploads\/2026\/05\/Meddox.webp 300w, https:\/\/torrisbranding.hr\/wp-content\/uploads\/2026\/05\/Meddox-16x12.webp 16w\" sizes=\"(max-width: 300px) 100vw, 300px\" \/>\t\t\t\t\t\t\t\t<\/a>\n\t\t\t\t\t\t\t\t\t\t\t\t\t\t\t<\/div>\n\t\t\t\t<\/div>\n\t\t\t\t<div class=\"elementor-element elementor-element-1a60988 elementor-widget elementor-widget-image\" data-id=\"1a60988\" data-element_type=\"widget\" data-e-type=\"widget\" data-widget_type=\"image.default\">\n\t\t\t\t<div class=\"elementor-widget-container\">\n\t\t\t\t\t\t\t\t\t\t\t\t\t\t\t\t<a href=\"https:\/\/fashion.hr\/%20\">\n\t\t\t\t\t\t\t<img loading=\"lazy\" decoding=\"async\" width=\"300\" height=\"225\" src=\"https:\/\/torrisbranding.hr\/wp-content\/uploads\/2026\/05\/Fashion.webp\" class=\"elementor-animation-grow attachment-large size-large wp-image-3057\" alt=\"\" srcset=\"https:\/\/torrisbranding.hr\/wp-content\/uploads\/2026\/05\/Fashion.webp 300w, https:\/\/torrisbranding.hr\/wp-content\/uploads\/2026\/05\/Fashion-16x12.webp 16w\" sizes=\"(max-width: 300px) 100vw, 300px\" \/>\t\t\t\t\t\t\t\t<\/a>\n\t\t\t\t\t\t\t\t\t\t\t\t\t\t\t<\/div>\n\t\t\t\t<\/div>\n\t\t\t\t<div class=\"elementor-element elementor-element-d9ef0cc elementor-widget elementor-widget-image\" data-id=\"d9ef0cc\" data-element_type=\"widget\" data-e-type=\"widget\" data-widget_type=\"image.default\">\n\t\t\t\t<div class=\"elementor-widget-container\">\n\t\t\t\t\t\t\t\t\t\t\t\t\t\t\t\t<a href=\"https:\/\/www.molnlycke.com\/corporate\/%20\">\n\t\t\t\t\t\t\t<img loading=\"lazy\" decoding=\"async\" width=\"300\" height=\"225\" src=\"https:\/\/torrisbranding.hr\/wp-content\/uploads\/2026\/05\/Molnlycke.webp\" class=\"elementor-animation-grow attachment-large size-large wp-image-3064\" alt=\"\" srcset=\"https:\/\/torrisbranding.hr\/wp-content\/uploads\/2026\/05\/Molnlycke.webp 300w, https:\/\/torrisbranding.hr\/wp-content\/uploads\/2026\/05\/Molnlycke-16x12.webp 16w\" sizes=\"(max-width: 300px) 100vw, 300px\" \/>\t\t\t\t\t\t\t\t<\/a>\n\t\t\t\t\t\t\t\t\t\t\t\t\t\t\t<\/div>\n\t\t\t\t<\/div>\n\t\t\t\t<div class=\"elementor-element elementor-element-437862a elementor-widget elementor-widget-image\" data-id=\"437862a\" data-element_type=\"widget\" data-e-type=\"widget\" data-widget_type=\"image.default\">\n\t\t\t\t<div class=\"elementor-widget-container\">\n\t\t\t\t\t\t\t\t\t\t\t\t\t\t\t\t<a href=\"https:\/\/uchka.eu\/%20\">\n\t\t\t\t\t\t\t<img loading=\"lazy\" decoding=\"async\" width=\"300\" height=\"225\" src=\"https:\/\/torrisbranding.hr\/wp-content\/uploads\/2026\/05\/Uchka.webp\" class=\"elementor-animation-grow attachment-large size-large wp-image-3053\" alt=\"\" srcset=\"https:\/\/torrisbranding.hr\/wp-content\/uploads\/2026\/05\/Uchka.webp 300w, https:\/\/torrisbranding.hr\/wp-content\/uploads\/2026\/05\/Uchka-16x12.webp 16w\" sizes=\"(max-width: 300px) 100vw, 300px\" \/>\t\t\t\t\t\t\t\t<\/a>\n\t\t\t\t\t\t\t\t\t\t\t\t\t\t\t<\/div>\n\t\t\t\t<\/div>\n\t\t\t\t<div class=\"elementor-element elementor-element-c9af776 elementor-widget elementor-widget-image\" data-id=\"c9af776\" data-element_type=\"widget\" data-e-type=\"widget\" data-widget_type=\"image.default\">\n\t\t\t\t<div class=\"elementor-widget-container\">\n\t\t\t\t\t\t\t\t\t\t\t\t\t\t\t\t<a href=\"https:\/\/panonamare.com\/%20\">\n\t\t\t\t\t\t\t<img loading=\"lazy\" decoding=\"async\" width=\"300\" height=\"225\" src=\"https:\/\/torrisbranding.hr\/wp-content\/uploads\/2026\/05\/Panona-Mare.webp\" class=\"elementor-animation-grow attachment-large size-large wp-image-3067\" alt=\"\" srcset=\"https:\/\/torrisbranding.hr\/wp-content\/uploads\/2026\/05\/Panona-Mare.webp 300w, https:\/\/torrisbranding.hr\/wp-content\/uploads\/2026\/05\/Panona-Mare-16x12.webp 16w\" sizes=\"(max-width: 300px) 100vw, 300px\" \/>\t\t\t\t\t\t\t\t<\/a>\n\t\t\t\t\t\t\t\t\t\t\t\t\t\t\t<\/div>\n\t\t\t\t<\/div>\n\t\t\t\t<div class=\"elementor-element elementor-element-9f19191 elementor-widget elementor-widget-image\" data-id=\"9f19191\" data-element_type=\"widget\" data-e-type=\"widget\" data-widget_type=\"image.default\">\n\t\t\t\t<div class=\"elementor-widget-container\">\n\t\t\t\t\t\t\t\t\t\t\t\t\t\t\t\t<a href=\"https:\/\/www.muzejivanicgrada.hr\/%20\">\n\t\t\t\t\t\t\t<img loading=\"lazy\" decoding=\"async\" width=\"300\" height=\"225\" src=\"https:\/\/torrisbranding.hr\/wp-content\/uploads\/2026\/05\/Muzej-Ivanic-grada.webp\" class=\"elementor-animation-grow attachment-large size-large wp-image-3065\" alt=\"\" srcset=\"https:\/\/torrisbranding.hr\/wp-content\/uploads\/2026\/05\/Muzej-Ivanic-grada.webp 300w, https:\/\/torrisbranding.hr\/wp-content\/uploads\/2026\/05\/Muzej-Ivanic-grada-16x12.webp 16w\" sizes=\"(max-width: 300px) 100vw, 300px\" \/>\t\t\t\t\t\t\t\t<\/a>\n\t\t\t\t\t\t\t\t\t\t\t\t\t\t\t<\/div>\n\t\t\t\t<\/div>\n\t\t\t\t<div class=\"elementor-element elementor-element-0512ccd elementor-widget elementor-widget-image\" data-id=\"0512ccd\" data-element_type=\"widget\" data-e-type=\"widget\" data-widget_type=\"image.default\">\n\t\t\t\t<div class=\"elementor-widget-container\">\n\t\t\t\t\t\t\t\t\t\t\t\t\t\t\t\t<a href=\"https:\/\/ortodont-karlovac.hr\/%20\">\n\t\t\t\t\t\t\t<img loading=\"lazy\" decoding=\"async\" width=\"300\" height=\"225\" src=\"https:\/\/torrisbranding.hr\/wp-content\/uploads\/2026\/05\/Ortodoncija-vukelja.webp\" class=\"elementor-animation-grow attachment-large size-large wp-image-3066\" alt=\"\" srcset=\"https:\/\/torrisbranding.hr\/wp-content\/uploads\/2026\/05\/Ortodoncija-vukelja.webp 300w, https:\/\/torrisbranding.hr\/wp-content\/uploads\/2026\/05\/Ortodoncija-vukelja-16x12.webp 16w\" sizes=\"(max-width: 300px) 100vw, 300px\" \/>\t\t\t\t\t\t\t\t<\/a>\n\t\t\t\t\t\t\t\t\t\t\t\t\t\t\t<\/div>\n\t\t\t\t<\/div>\n\t\t\t\t<div class=\"elementor-element elementor-element-f960d53 elementor-widget elementor-widget-image\" data-id=\"f960d53\" data-element_type=\"widget\" data-e-type=\"widget\" data-widget_type=\"image.default\">\n\t\t\t\t<div class=\"elementor-widget-container\">\n\t\t\t\t\t\t\t\t\t\t\t\t\t\t\t\t<a href=\"https:\/\/larus-pokloni.hr\/%20\">\n\t\t\t\t\t\t\t<img loading=\"lazy\" decoding=\"async\" width=\"300\" height=\"225\" src=\"https:\/\/torrisbranding.hr\/wp-content\/uploads\/2026\/05\/LArus-pokloni.webp\" class=\"elementor-animation-grow attachment-large size-large wp-image-3060\" alt=\"\" srcset=\"https:\/\/torrisbranding.hr\/wp-content\/uploads\/2026\/05\/LArus-pokloni.webp 300w, https:\/\/torrisbranding.hr\/wp-content\/uploads\/2026\/05\/LArus-pokloni-16x12.webp 16w\" sizes=\"(max-width: 300px) 100vw, 300px\" \/>\t\t\t\t\t\t\t\t<\/a>\n\t\t\t\t\t\t\t\t\t\t\t\t\t\t\t<\/div>\n\t\t\t\t<\/div>\n\t\t\t\t<div class=\"elementor-element elementor-element-045abb1 elementor-widget elementor-widget-image\" data-id=\"045abb1\" data-element_type=\"widget\" data-e-type=\"widget\" data-widget_type=\"image.default\">\n\t\t\t\t<div class=\"elementor-widget-container\">\n\t\t\t\t\t\t\t\t\t\t\t\t\t\t\t\t<a href=\"https:\/\/safe-leap.hr\/%20\">\n\t\t\t\t\t\t\t<img loading=\"lazy\" decoding=\"async\" width=\"300\" height=\"225\" src=\"https:\/\/torrisbranding.hr\/wp-content\/uploads\/2026\/05\/SAfe-leap.webp\" class=\"elementor-animation-grow attachment-large size-large wp-image-3052\" alt=\"\" srcset=\"https:\/\/torrisbranding.hr\/wp-content\/uploads\/2026\/05\/SAfe-leap.webp 300w, https:\/\/torrisbranding.hr\/wp-content\/uploads\/2026\/05\/SAfe-leap-16x12.webp 16w\" sizes=\"(max-width: 300px) 100vw, 300px\" \/>\t\t\t\t\t\t\t\t<\/a>\n\t\t\t\t\t\t\t\t\t\t\t\t\t\t\t<\/div>\n\t\t\t\t<\/div>\n\t\t\t\t<div class=\"elementor-element elementor-element-289ae4e elementor-widget elementor-widget-image\" data-id=\"289ae4e\" data-element_type=\"widget\" data-e-type=\"widget\" data-widget_type=\"image.default\">\n\t\t\t\t<div class=\"elementor-widget-container\">\n\t\t\t\t\t\t\t\t\t\t\t\t\t\t\t\t<a href=\"https:\/\/integrityup.eu\/%20\">\n\t\t\t\t\t\t\t<img loading=\"lazy\" decoding=\"async\" width=\"300\" height=\"225\" src=\"https:\/\/torrisbranding.hr\/wp-content\/uploads\/2026\/05\/IntegrityUP.webp\" class=\"elementor-animation-grow attachment-large size-large wp-image-3059\" alt=\"\" srcset=\"https:\/\/torrisbranding.hr\/wp-content\/uploads\/2026\/05\/IntegrityUP.webp 300w, https:\/\/torrisbranding.hr\/wp-content\/uploads\/2026\/05\/IntegrityUP-16x12.webp 16w\" sizes=\"(max-width: 300px) 100vw, 300px\" \/>\t\t\t\t\t\t\t\t<\/a>\n\t\t\t\t\t\t\t\t\t\t\t\t\t\t\t<\/div>\n\t\t\t\t<\/div>\n\t\t\t\t<div class=\"elementor-element elementor-element-d396c87 elementor-widget elementor-widget-image\" data-id=\"d396c87\" data-element_type=\"widget\" data-e-type=\"widget\" data-widget_type=\"image.default\">\n\t\t\t\t<div class=\"elementor-widget-container\">\n\t\t\t\t\t\t\t\t\t\t\t\t\t\t\t\t<a href=\"https:\/\/apartment-nevena.com\/%20\">\n\t\t\t\t\t\t\t<img loading=\"lazy\" decoding=\"async\" width=\"300\" height=\"225\" src=\"https:\/\/torrisbranding.hr\/wp-content\/uploads\/2026\/05\/Apartmani-Nevena.webp\" class=\"elementor-animation-grow attachment-large size-large wp-image-3055\" alt=\"\" srcset=\"https:\/\/torrisbranding.hr\/wp-content\/uploads\/2026\/05\/Apartmani-Nevena.webp 300w, https:\/\/torrisbranding.hr\/wp-content\/uploads\/2026\/05\/Apartmani-Nevena-16x12.webp 16w\" sizes=\"(max-width: 300px) 100vw, 300px\" \/>\t\t\t\t\t\t\t\t<\/a>\n\t\t\t\t\t\t\t\t\t\t\t\t\t\t\t<\/div>\n\t\t\t\t<\/div>\n\t\t\t\t<div class=\"elementor-element elementor-element-57285d7 elementor-widget elementor-widget-image\" data-id=\"57285d7\" data-element_type=\"widget\" data-e-type=\"widget\" data-widget_type=\"image.default\">\n\t\t\t\t<div class=\"elementor-widget-container\">\n\t\t\t\t\t\t\t\t\t\t\t\t\t\t\t\t<a href=\"https:\/\/torrisbranding.hr\/en\/kontakt\/\">\n\t\t\t\t\t\t\t<img loading=\"lazy\" decoding=\"async\" width=\"300\" height=\"225\" src=\"https:\/\/torrisbranding.hr\/wp-content\/uploads\/2026\/05\/Mjesto-za-vas-logo.webp\" class=\"elementor-animation-bob attachment-large size-large wp-image-3063\" alt=\"\" srcset=\"https:\/\/torrisbranding.hr\/wp-content\/uploads\/2026\/05\/Mjesto-za-vas-logo.webp 300w, https:\/\/torrisbranding.hr\/wp-content\/uploads\/2026\/05\/Mjesto-za-vas-logo-16x12.webp 16w\" sizes=\"(max-width: 300px) 100vw, 300px\" \/>\t\t\t\t\t\t\t\t<\/a>\n\t\t\t\t\t\t\t\t\t\t\t\t\t\t\t<\/div>\n\t\t\t\t<\/div>\n\t\t\t\t<\/div>\n\t\t<div class=\"elementor-element elementor-element-3860fad e-con-full e-flex e-con e-child\" data-id=\"3860fad\" data-element_type=\"container\" data-e-type=\"container\" data-settings=\"{&quot;background_background&quot;:&quot;classic&quot;,&quot;position&quot;:&quot;absolute&quot;}\">\n\t\t\t\t<\/div>\n\t\t\t\t\t<\/div>\n\t\t\t\t<\/div>\n\t\t\t\t<\/div>","protected":false},"excerpt":{"rendered":"<p>Klijenti #KLIJENTI S kim radimo? Ovi brendovi prepoznali su na\u0161 \u017ear, fokus i na\u010din rada te su nam ukazali povjerenje u razli\u010ditim fazama razvoja svojih brandova, svaki jedinstven na svoj na\u010din. A kao \u0161to vidite, \u010dekamo i vas.<\/p>","protected":false},"author":1,"featured_media":0,"parent":0,"menu_order":0,"comment_status":"closed","ping_status":"closed","template":"elementor_header_footer","meta":{"footnotes":""},"class_list":["post-3050","page","type-page","status-publish","hentry"],"yoast_head":"<!-- This site is optimized with the Yoast SEO plugin v27.6 - https:\/\/yoast.com\/product\/yoast-seo-wordpress\/ -->\n<title>Klijenti - TORRIS<\/title>\n<meta name=\"description\" content=\"Malo o nama - Torris je latinska rije\u010d koja zna\u010di \u2013 \u017ear. Upravo je \u017ear ono \u0161to nas na vi\u0161e razina najbolje opisuje.\" \/>\n<meta name=\"robots\" content=\"index, follow, max-snippet:-1, max-image-preview:large, max-video-preview:-1\" \/>\n<link rel=\"canonical\" href=\"https:\/\/torrisbranding.hr\/en\/klijenti\/\" \/>\n<meta property=\"og:locale\" content=\"en_US\" \/>\n<meta property=\"og:type\" content=\"article\" \/>\n<meta property=\"og:title\" content=\"Klijenti - TORRIS\" \/>\n<meta property=\"og:description\" content=\"Malo o nama - Torris je latinska rije\u010d koja zna\u010di \u2013 \u017ear. Upravo je \u017ear ono \u0161to nas na vi\u0161e razina najbolje opisuje.\" \/>\n<meta property=\"og:url\" content=\"https:\/\/torrisbranding.hr\/en\/klijenti\/\" \/>\n<meta property=\"og:site_name\" content=\"TORRIS\" \/>\n<meta property=\"article:modified_time\" content=\"2026-05-16T00:27:58+00:00\" \/>\n<meta property=\"og:image\" content=\"https:\/\/torrisbranding.hr\/wp-content\/uploads\/2026\/05\/Aircash.webp\" \/>\n\t<meta property=\"og:image:width\" content=\"300\" \/>\n\t<meta property=\"og:image:height\" content=\"225\" \/>\n\t<meta property=\"og:image:type\" content=\"image\/webp\" \/>\n<meta name=\"twitter:card\" content=\"summary_large_image\" \/>\n<meta name=\"twitter:label1\" content=\"Est. reading time\" \/>\n\t<meta name=\"twitter:data1\" content=\"4 minutes\" \/>\n<script type=\"application\/ld+json\" class=\"yoast-schema-graph\">{\"@context\":\"https:\\\/\\\/schema.org\",\"@graph\":[{\"@type\":\"WebPage\",\"@id\":\"https:\\\/\\\/torrisbranding.hr\\\/klijenti\\\/\",\"url\":\"https:\\\/\\\/torrisbranding.hr\\\/klijenti\\\/\",\"name\":\"Klijenti - TORRIS\",\"isPartOf\":{\"@id\":\"https:\\\/\\\/torrisbranding.hr\\\/#website\"},\"primaryImageOfPage\":{\"@id\":\"https:\\\/\\\/torrisbranding.hr\\\/klijenti\\\/#primaryimage\"},\"image\":{\"@id\":\"https:\\\/\\\/torrisbranding.hr\\\/klijenti\\\/#primaryimage\"},\"thumbnailUrl\":\"https:\\\/\\\/torrisbranding.hr\\\/wp-content\\\/uploads\\\/2026\\\/05\\\/Aircash.webp\",\"datePublished\":\"2026-05-15T23:07:51+00:00\",\"dateModified\":\"2026-05-16T00:27:58+00:00\",\"description\":\"Malo o nama - Torris je latinska rije\u010d koja zna\u010di \u2013 \u017ear. Upravo je \u017ear ono \u0161to nas na vi\u0161e razina najbolje opisuje.\",\"breadcrumb\":{\"@id\":\"https:\\\/\\\/torrisbranding.hr\\\/klijenti\\\/#breadcrumb\"},\"inLanguage\":\"en-US\",\"potentialAction\":[{\"@type\":\"ReadAction\",\"target\":[\"https:\\\/\\\/torrisbranding.hr\\\/klijenti\\\/\"]}]},{\"@type\":\"ImageObject\",\"inLanguage\":\"en-US\",\"@id\":\"https:\\\/\\\/torrisbranding.hr\\\/klijenti\\\/#primaryimage\",\"url\":\"https:\\\/\\\/torrisbranding.hr\\\/wp-content\\\/uploads\\\/2026\\\/05\\\/Aircash.webp\",\"contentUrl\":\"https:\\\/\\\/torrisbranding.hr\\\/wp-content\\\/uploads\\\/2026\\\/05\\\/Aircash.webp\"},{\"@type\":\"BreadcrumbList\",\"@id\":\"https:\\\/\\\/torrisbranding.hr\\\/klijenti\\\/#breadcrumb\",\"itemListElement\":[{\"@type\":\"ListItem\",\"position\":1,\"name\":\"Home\",\"item\":\"https:\\\/\\\/torrisbranding.hr\\\/\"},{\"@type\":\"ListItem\",\"position\":2,\"name\":\"Klijenti\"}]},{\"@type\":\"WebSite\",\"@id\":\"https:\\\/\\\/torrisbranding.hr\\\/#website\",\"url\":\"https:\\\/\\\/torrisbranding.hr\\\/\",\"name\":\"TORRIS BRANDING\",\"description\":\"branding boutique agency\",\"publisher\":{\"@id\":\"https:\\\/\\\/torrisbranding.hr\\\/#organization\"},\"potentialAction\":[{\"@type\":\"SearchAction\",\"target\":{\"@type\":\"EntryPoint\",\"urlTemplate\":\"https:\\\/\\\/torrisbranding.hr\\\/?s={search_term_string}\"},\"query-input\":{\"@type\":\"PropertyValueSpecification\",\"valueRequired\":true,\"valueName\":\"search_term_string\"}}],\"inLanguage\":\"en-US\"},{\"@type\":\"Organization\",\"@id\":\"https:\\\/\\\/torrisbranding.hr\\\/#organization\",\"name\":\"TORRIS BRANDING\",\"url\":\"https:\\\/\\\/torrisbranding.hr\\\/\",\"logo\":{\"@type\":\"ImageObject\",\"inLanguage\":\"en-US\",\"@id\":\"https:\\\/\\\/torrisbranding.hr\\\/#\\\/schema\\\/logo\\\/image\\\/\",\"url\":\"https:\\\/\\\/torrisbranding.hr\\\/wp-content\\\/uploads\\\/2023\\\/04\\\/Torris-color-dark.png\",\"contentUrl\":\"https:\\\/\\\/torrisbranding.hr\\\/wp-content\\\/uploads\\\/2023\\\/04\\\/Torris-color-dark.png\",\"width\":400,\"height\":117,\"caption\":\"TORRIS BRANDING\"},\"image\":{\"@id\":\"https:\\\/\\\/torrisbranding.hr\\\/#\\\/schema\\\/logo\\\/image\\\/\"}}]}<\/script>\n<!-- \/ Yoast SEO plugin. -->","yoast_head_json":{"title":"Klijenti - TORRIS","description":"Malo o nama - Torris je latinska rije\u010d koja zna\u010di \u2013 \u017ear. Upravo je \u017ear ono \u0161to nas na vi\u0161e razina najbolje opisuje.","robots":{"index":"index","follow":"follow","max-snippet":"max-snippet:-1","max-image-preview":"max-image-preview:large","max-video-preview":"max-video-preview:-1"},"canonical":"https:\/\/torrisbranding.hr\/en\/klijenti\/","og_locale":"en_US","og_type":"article","og_title":"Klijenti - TORRIS","og_description":"Malo o nama - Torris je latinska rije\u010d koja zna\u010di \u2013 \u017ear. Upravo je \u017ear ono \u0161to nas na vi\u0161e razina najbolje opisuje.","og_url":"https:\/\/torrisbranding.hr\/en\/klijenti\/","og_site_name":"TORRIS","article_modified_time":"2026-05-16T00:27:58+00:00","og_image":[{"width":300,"height":225,"url":"https:\/\/torrisbranding.hr\/wp-content\/uploads\/2026\/05\/Aircash.webp","type":"image\/webp"}],"twitter_card":"summary_large_image","twitter_misc":{"Est. reading time":"4 minutes"},"schema":{"@context":"https:\/\/schema.org","@graph":[{"@type":"WebPage","@id":"https:\/\/torrisbranding.hr\/klijenti\/","url":"https:\/\/torrisbranding.hr\/klijenti\/","name":"Klijenti - TORRIS","isPartOf":{"@id":"https:\/\/torrisbranding.hr\/#website"},"primaryImageOfPage":{"@id":"https:\/\/torrisbranding.hr\/klijenti\/#primaryimage"},"image":{"@id":"https:\/\/torrisbranding.hr\/klijenti\/#primaryimage"},"thumbnailUrl":"https:\/\/torrisbranding.hr\/wp-content\/uploads\/2026\/05\/Aircash.webp","datePublished":"2026-05-15T23:07:51+00:00","dateModified":"2026-05-16T00:27:58+00:00","description":"Malo o nama - Torris je latinska rije\u010d koja zna\u010di \u2013 \u017ear. Upravo je \u017ear ono \u0161to nas na vi\u0161e razina najbolje opisuje.","breadcrumb":{"@id":"https:\/\/torrisbranding.hr\/klijenti\/#breadcrumb"},"inLanguage":"en-US","potentialAction":[{"@type":"ReadAction","target":["https:\/\/torrisbranding.hr\/klijenti\/"]}]},{"@type":"ImageObject","inLanguage":"en-US","@id":"https:\/\/torrisbranding.hr\/klijenti\/#primaryimage","url":"https:\/\/torrisbranding.hr\/wp-content\/uploads\/2026\/05\/Aircash.webp","contentUrl":"https:\/\/torrisbranding.hr\/wp-content\/uploads\/2026\/05\/Aircash.webp"},{"@type":"BreadcrumbList","@id":"https:\/\/torrisbranding.hr\/klijenti\/#breadcrumb","itemListElement":[{"@type":"ListItem","position":1,"name":"Home","item":"https:\/\/torrisbranding.hr\/"},{"@type":"ListItem","position":2,"name":"Klijenti"}]},{"@type":"WebSite","@id":"https:\/\/torrisbranding.hr\/#website","url":"https:\/\/torrisbranding.hr\/","name":"TORRIS BRANDING","description":"branding boutique agency","publisher":{"@id":"https:\/\/torrisbranding.hr\/#organization"},"potentialAction":[{"@type":"SearchAction","target":{"@type":"EntryPoint","urlTemplate":"https:\/\/torrisbranding.hr\/?s={search_term_string}"},"query-input":{"@type":"PropertyValueSpecification","valueRequired":true,"valueName":"search_term_string"}}],"inLanguage":"en-US"},{"@type":"Organization","@id":"https:\/\/torrisbranding.hr\/#organization","name":"TORRIS BRANDING","url":"https:\/\/torrisbranding.hr\/","logo":{"@type":"ImageObject","inLanguage":"en-US","@id":"https:\/\/torrisbranding.hr\/#\/schema\/logo\/image\/","url":"https:\/\/torrisbranding.hr\/wp-content\/uploads\/2023\/04\/Torris-color-dark.png","contentUrl":"https:\/\/torrisbranding.hr\/wp-content\/uploads\/2023\/04\/Torris-color-dark.png","width":400,"height":117,"caption":"TORRIS BRANDING"},"image":{"@id":"https:\/\/torrisbranding.hr\/#\/schema\/logo\/image\/"}}]}},"_links":{"self":[{"href":"https:\/\/torrisbranding.hr\/en\/wp-json\/wp\/v2\/pages\/3050","targetHints":{"allow":["GET"]}}],"collection":[{"href":"https:\/\/torrisbranding.hr\/en\/wp-json\/wp\/v2\/pages"}],"about":[{"href":"https:\/\/torrisbranding.hr\/en\/wp-json\/wp\/v2\/types\/page"}],"author":[{"embeddable":true,"href":"https:\/\/torrisbranding.hr\/en\/wp-json\/wp\/v2\/users\/1"}],"replies":[{"embeddable":true,"href":"https:\/\/torrisbranding.hr\/en\/wp-json\/wp\/v2\/comments?post=3050"}],"version-history":[{"count":22,"href":"https:\/\/torrisbranding.hr\/en\/wp-json\/wp\/v2\/pages\/3050\/revisions"}],"predecessor-version":[{"id":3093,"href":"https:\/\/torrisbranding.hr\/en\/wp-json\/wp\/v2\/pages\/3050\/revisions\/3093"}],"wp:attachment":[{"href":"https:\/\/torrisbranding.hr\/en\/wp-json\/wp\/v2\/media?parent=3050"}],"curies":[{"name":"wp","href":"https:\/\/api.w.org\/{rel}","templated":true}]}}